{"id":7538,"date":"2024-12-12T16:43:57","date_gmt":"2024-12-12T15:43:57","guid":{"rendered":"https:\/\/www.pharea.com\/projects\/"},"modified":"2026-05-07T14:40:33","modified_gmt":"2026-05-07T12:40:33","slug":"projects","status":"publish","type":"page","link":"https:\/\/www.pharea.com\/en\/projects\/","title":{"rendered":"Projects"},"content":{"rendered":"\t\t<div data-elementor-type=\"wp-page\" data-elementor-id=\"7538\" class=\"elementor elementor-7538 elementor-27\" data-elementor-post-type=\"page\">\n\t\t\t\t\t\t<section class=\"elementor-section elementor-top-section elementor-element elementor-element-fb9508d elementor-section-boxed elementor-section-height-default elementor-section-height-default\" data-id=\"fb9508d\" data-element_type=\"section\" data-e-type=\"section\" data-settings=\"{&quot;background_background&quot;:&quot;classic&quot;,&quot;jet_parallax_layout_list&quot;:[]}\">\n\t\t\t\t\t\t\t<div class=\"elementor-background-overlay\"><\/div>\n\t\t\t\t\t\t\t<div class=\"elementor-container elementor-column-gap-default\">\n\t\t\t\t\t<div class=\"elementor-column elementor-col-100 elementor-top-column elementor-element elementor-element-d8bbcb2\" data-id=\"d8bbcb2\" data-element_type=\"column\" data-e-type=\"column\">\n\t\t\t<div class=\"elementor-widget-wrap elementor-element-populated\">\n\t\t\t\t\t\t<div class=\"elementor-element elementor-element-07a5ec4 elementor-widget elementor-widget-heading\" data-id=\"07a5ec4\" data-element_type=\"widget\" data-e-type=\"widget\" data-widget_type=\"heading.default\">\n\t\t\t\t<div class=\"elementor-widget-container\">\n\t\t\t\t\t<h1 class=\"elementor-heading-title elementor-size-default\">Projects<\/h1>\t\t\t\t<\/div>\n\t\t\t\t<\/div>\n\t\t\t\t\t<\/div>\n\t\t<\/div>\n\t\t\t\t\t<\/div>\n\t\t<\/section>\n\t\t\t\t<section class=\"elementor-section elementor-top-section elementor-element elementor-element-36a30f1 elementor-section-full_width elementor-section-height-default elementor-section-height-default\" data-id=\"36a30f1\" data-element_type=\"section\" data-e-type=\"section\" data-settings=\"{&quot;jet_parallax_layout_list&quot;:[]}\">\n\t\t\t\t\t\t<div class=\"elementor-container elementor-column-gap-default\">\n\t\t\t\t\t<div class=\"elementor-column elementor-col-100 elementor-top-column elementor-element elementor-element-87498d1\" data-id=\"87498d1\" data-element_type=\"column\" data-e-type=\"column\">\n\t\t\t<div class=\"elementor-widget-wrap elementor-element-populated\">\n\t\t\t\t\t\t<div class=\"elementor-element elementor-element-d63220c elementor-widget elementor-widget-jet-smart-filters-radio\" data-id=\"d63220c\" data-element_type=\"widget\" data-e-type=\"widget\" data-widget_type=\"jet-smart-filters-radio.default\">\n\t\t\t\t<div class=\"elementor-widget-container\">\n\t\t\t\t\t<div class=\"jet-smart-filters-radio jet-filter \" data-indexer-rule=\"show\" data-show-counter=\"\" data-change-counter=\"always\"><div class=\"jet-radio-list\" data-query-type=\"tax_query\" data-query-var=\"categories-realisations\" data-smart-filter=\"radio\" data-filter-id=\"7363\" data-apply-type=\"ajax\" data-content-provider=\"jet-engine\" data-additional-providers=\"\" data-query-id=\"realisations\" data-active-label=\"\" data-layout-options=\"{&quot;show_label&quot;:&quot;&quot;,&quot;display_options&quot;:{&quot;show_items_label&quot;:false,&quot;show_decorator&quot;:&quot;yes&quot;,&quot;filter_image_size&quot;:&quot;full&quot;,&quot;show_counter&quot;:false}}\" data-query-var-suffix=\"\" data-apply-on=\"value\"><form class=\"jet-radio-list-wrapper\"><fieldset><legend style=\"display:none;\">Filter projects<\/legend><div class=\"jet-radio-list__row jet-filter-row\">\n\t\t<label class=\"jet-radio-list__item\" >\n\t\t<input\n\t\t\ttype=\"radio\"\n\t\t\tclass=\"jet-radio-list__input\"\n\t\t\tname=\"categories-realisations\"\n\t\t\tvalue=\"28\"\n\t\t\tdata-label=\"Civil engineering\"\n\t\t\t\t\t\taria-label=\"Civil engineering\"\n\t\t\t\t\t>\n\t\t<div class=\"jet-radio-list__button\">\n\t\t\t\t\t\t\t<span class=\"jet-radio-list__decorator\">\n\t\t\t\t\t<i class=\"jet-radio-list__checked-icon\"><svg width=\"28\" height=\"28\" viewBox=\"0 0 28 28\" xmlns=\"http:\/\/www.w3.org\/2000\/svg\">\n\t<path d=\"M26.109 8.844c0 0.391-0.156 0.781-0.438 1.062l-13.438 13.438c-0.281 0.281-0.672 0.438-1.062 0.438s-0.781-0.156-1.062-0.438l-7.781-7.781c-0.281-0.281-0.438-0.672-0.438-1.062s0.156-0.781 0.438-1.062l2.125-2.125c0.281-0.281 0.672-0.438 1.062-0.438s0.781 0.156 1.062 0.438l4.594 4.609 10.25-10.266c0.281-0.281 0.672-0.438 1.062-0.438s0.781 0.156 1.062 0.438l2.125 2.125c0.281 0.281 0.438 0.672 0.438 1.062z\"><\/path>\n<\/svg>\n<\/i>\n\t\t\t\t<\/span>\n\t\t\t\t\t\t<span class=\"jet-radio-list__label\">Civil engineering<\/span>\n\t\t\t\t\t<\/div>\n\t<\/label>\n<\/div>\n<div class=\"jet-radio-list__row jet-filter-row\">\n\t\t<label class=\"jet-radio-list__item\" >\n\t\t<input\n\t\t\ttype=\"radio\"\n\t\t\tclass=\"jet-radio-list__input\"\n\t\t\tname=\"categories-realisations\"\n\t\t\tvalue=\"27\"\n\t\t\tdata-label=\"General installation\"\n\t\t\t\t\t\taria-label=\"General installation\"\n\t\t\t\t\t>\n\t\t<div class=\"jet-radio-list__button\">\n\t\t\t\t\t\t\t<span class=\"jet-radio-list__decorator\">\n\t\t\t\t\t<i class=\"jet-radio-list__checked-icon\"><svg width=\"28\" height=\"28\" viewBox=\"0 0 28 28\" xmlns=\"http:\/\/www.w3.org\/2000\/svg\">\n\t<path d=\"M26.109 8.844c0 0.391-0.156 0.781-0.438 1.062l-13.438 13.438c-0.281 0.281-0.672 0.438-1.062 0.438s-0.781-0.156-1.062-0.438l-7.781-7.781c-0.281-0.281-0.438-0.672-0.438-1.062s0.156-0.781 0.438-1.062l2.125-2.125c0.281-0.281 0.672-0.438 1.062-0.438s0.781 0.156 1.062 0.438l4.594 4.609 10.25-10.266c0.281-0.281 0.672-0.438 1.062-0.438s0.781 0.156 1.062 0.438l2.125 2.125c0.281 0.281 0.438 0.672 0.438 1.062z\"><\/path>\n<\/svg>\n<\/i>\n\t\t\t\t<\/span>\n\t\t\t\t\t\t<span class=\"jet-radio-list__label\">General installation<\/span>\n\t\t\t\t\t<\/div>\n\t<\/label>\n<\/div>\n<div class=\"jet-radio-list__row jet-filter-row\">\n\t\t<label class=\"jet-radio-list__item\" >\n\t\t<input\n\t\t\ttype=\"radio\"\n\t\t\tclass=\"jet-radio-list__input\"\n\t\t\tname=\"categories-realisations\"\n\t\t\tvalue=\"24\"\n\t\t\tdata-label=\"Mechanical design\"\n\t\t\t\t\t\taria-label=\"Mechanical design\"\n\t\t\t\t\t>\n\t\t<div class=\"jet-radio-list__button\">\n\t\t\t\t\t\t\t<span class=\"jet-radio-list__decorator\">\n\t\t\t\t\t<i class=\"jet-radio-list__checked-icon\"><svg width=\"28\" height=\"28\" viewBox=\"0 0 28 28\" xmlns=\"http:\/\/www.w3.org\/2000\/svg\">\n\t<path d=\"M26.109 8.844c0 0.391-0.156 0.781-0.438 1.062l-13.438 13.438c-0.281 0.281-0.672 0.438-1.062 0.438s-0.781-0.156-1.062-0.438l-7.781-7.781c-0.281-0.281-0.438-0.672-0.438-1.062s0.156-0.781 0.438-1.062l2.125-2.125c0.281-0.281 0.672-0.438 1.062-0.438s0.781 0.156 1.062 0.438l4.594 4.609 10.25-10.266c0.281-0.281 0.672-0.438 1.062-0.438s0.781 0.156 1.062 0.438l2.125 2.125c0.281 0.281 0.438 0.672 0.438 1.062z\"><\/path>\n<\/svg>\n<\/i>\n\t\t\t\t<\/span>\n\t\t\t\t\t\t<span class=\"jet-radio-list__label\">Mechanical design<\/span>\n\t\t\t\t\t<\/div>\n\t<\/label>\n<\/div>\n<div class=\"jet-radio-list__row jet-filter-row\">\n\t\t<label class=\"jet-radio-list__item\" >\n\t\t<input\n\t\t\ttype=\"radio\"\n\t\t\tclass=\"jet-radio-list__input\"\n\t\t\tname=\"categories-realisations\"\n\t\t\tvalue=\"25\"\n\t\t\tdata-label=\"Numerical simulation\"\n\t\t\t\t\t\taria-label=\"Numerical simulation\"\n\t\t\t\t\t>\n\t\t<div class=\"jet-radio-list__button\">\n\t\t\t\t\t\t\t<span class=\"jet-radio-list__decorator\">\n\t\t\t\t\t<i class=\"jet-radio-list__checked-icon\"><svg width=\"28\" height=\"28\" viewBox=\"0 0 28 28\" xmlns=\"http:\/\/www.w3.org\/2000\/svg\">\n\t<path d=\"M26.109 8.844c0 0.391-0.156 0.781-0.438 1.062l-13.438 13.438c-0.281 0.281-0.672 0.438-1.062 0.438s-0.781-0.156-1.062-0.438l-7.781-7.781c-0.281-0.281-0.438-0.672-0.438-1.062s0.156-0.781 0.438-1.062l2.125-2.125c0.281-0.281 0.672-0.438 1.062-0.438s0.781 0.156 1.062 0.438l4.594 4.609 10.25-10.266c0.281-0.281 0.672-0.438 1.062-0.438s0.781 0.156 1.062 0.438l2.125 2.125c0.281 0.281 0.438 0.672 0.438 1.062z\"><\/path>\n<\/svg>\n<\/i>\n\t\t\t\t<\/span>\n\t\t\t\t\t\t<span class=\"jet-radio-list__label\">Numerical simulation<\/span>\n\t\t\t\t\t<\/div>\n\t<\/label>\n<\/div>\n<div class=\"jet-radio-list__row jet-filter-row\">\n\t\t<label class=\"jet-radio-list__item\" >\n\t\t<input\n\t\t\ttype=\"radio\"\n\t\t\tclass=\"jet-radio-list__input\"\n\t\t\tname=\"categories-realisations\"\n\t\t\tvalue=\"26\"\n\t\t\tdata-label=\"Plastics processing\"\n\t\t\t\t\t\taria-label=\"Plastics processing\"\n\t\t\t\t\t>\n\t\t<div class=\"jet-radio-list__button\">\n\t\t\t\t\t\t\t<span class=\"jet-radio-list__decorator\">\n\t\t\t\t\t<i class=\"jet-radio-list__checked-icon\"><svg width=\"28\" height=\"28\" viewBox=\"0 0 28 28\" xmlns=\"http:\/\/www.w3.org\/2000\/svg\">\n\t<path d=\"M26.109 8.844c0 0.391-0.156 0.781-0.438 1.062l-13.438 13.438c-0.281 0.281-0.672 0.438-1.062 0.438s-0.781-0.156-1.062-0.438l-7.781-7.781c-0.281-0.281-0.438-0.672-0.438-1.062s0.156-0.781 0.438-1.062l2.125-2.125c0.281-0.281 0.672-0.438 1.062-0.438s0.781 0.156 1.062 0.438l4.594 4.609 10.25-10.266c0.281-0.281 0.672-0.438 1.062-0.438s0.781 0.156 1.062 0.438l2.125 2.125c0.281 0.281 0.438 0.672 0.438 1.062z\"><\/path>\n<\/svg>\n<\/i>\n\t\t\t\t<\/span>\n\t\t\t\t\t\t<span class=\"jet-radio-list__label\">Plastics processing<\/span>\n\t\t\t\t\t<\/div>\n\t<\/label>\n<\/div>\n<div class=\"jet-radio-list__row jet-filter-row\">\n\t\t<label class=\"jet-radio-list__item\" >\n\t\t<input\n\t\t\ttype=\"radio\"\n\t\t\tclass=\"jet-radio-list__input\"\n\t\t\tname=\"categories-realisations\"\n\t\t\tvalue=\"23\"\n\t\t\tdata-label=\"Structural steelwork\"\n\t\t\t\t\t\taria-label=\"Structural steelwork\"\n\t\t\t\t\t>\n\t\t<div class=\"jet-radio-list__button\">\n\t\t\t\t\t\t\t<span class=\"jet-radio-list__decorator\">\n\t\t\t\t\t<i class=\"jet-radio-list__checked-icon\"><svg width=\"28\" height=\"28\" viewBox=\"0 0 28 28\" xmlns=\"http:\/\/www.w3.org\/2000\/svg\">\n\t<path d=\"M26.109 8.844c0 0.391-0.156 0.781-0.438 1.062l-13.438 13.438c-0.281 0.281-0.672 0.438-1.062 0.438s-0.781-0.156-1.062-0.438l-7.781-7.781c-0.281-0.281-0.438-0.672-0.438-1.062s0.156-0.781 0.438-1.062l2.125-2.125c0.281-0.281 0.672-0.438 1.062-0.438s0.781 0.156 1.062 0.438l4.594 4.609 10.25-10.266c0.281-0.281 0.672-0.438 1.062-0.438s0.781 0.156 1.062 0.438l2.125 2.125c0.281 0.281 0.438 0.672 0.438 1.062z\"><\/path>\n<\/svg>\n<\/i>\n\t\t\t\t<\/span>\n\t\t\t\t\t\t<span class=\"jet-radio-list__label\">Structural steelwork<\/span>\n\t\t\t\t\t<\/div>\n\t<\/label>\n<\/div>\n<\/fieldset><\/form><\/div>\n<\/div>\t\t\t\t<\/div>\n\t\t\t\t<\/div>\n\t\t\t\t\t<\/div>\n\t\t<\/div>\n\t\t\t\t\t<\/div>\n\t\t<\/section>\n\t\t\t\t<section class=\"elementor-section elementor-top-section elementor-element elementor-element-1546d5c elementor-section-boxed elementor-section-height-default elementor-section-height-default\" data-id=\"1546d5c\" data-element_type=\"section\" data-e-type=\"section\" data-settings=\"{&quot;jet_parallax_layout_list&quot;:[]}\">\n\t\t\t\t\t\t<div class=\"elementor-container elementor-column-gap-default\">\n\t\t\t\t\t<div class=\"elementor-column elementor-col-100 elementor-top-column elementor-element elementor-element-54dc0a9\" data-id=\"54dc0a9\" data-element_type=\"column\" data-e-type=\"column\">\n\t\t\t<div class=\"elementor-widget-wrap elementor-element-populated\">\n\t\t\t\t\t\t<div class=\"elementor-element elementor-element-58c615d elementor-widget elementor-widget-jet-listing-grid\" data-id=\"58c615d\" data-element_type=\"widget\" data-e-type=\"widget\" id=\"realisations\" data-settings=\"{&quot;columns_tablet&quot;:&quot;2&quot;,&quot;columns_mobile&quot;:&quot;1&quot;,&quot;columns&quot;:3}\" data-widget_type=\"jet-listing-grid.default\">\n\t\t\t\t<div class=\"elementor-widget-container\">\n\t\t\t\t\t<div class=\"jet-listing-grid jet-listing-grid--lazy-load jet-listing jet-listing-grid-loading\" data-lazy-load=\"{&quot;offset&quot;:&quot;0px&quot;,&quot;post_id&quot;:7538,&quot;queried_id&quot;:&quot;7538|WP_Post&quot;}\"><div class=\"jet-listing-grid__loader\"><div class=\"jet-listing-grid__loader-spinner\"><\/div><\/div><\/div>\t\t\t\t<\/div>\n\t\t\t\t<\/div>\n\t\t\t\t<div class=\"elementor-element elementor-element-3ac1b07 elementor-widget elementor-widget-jet-smart-filters-pagination\" data-id=\"3ac1b07\" data-element_type=\"widget\" data-e-type=\"widget\" data-widget_type=\"jet-smart-filters-pagination.default\">\n\t\t\t\t<div class=\"elementor-widget-container\">\n\t\t\t\t\t<div\n\t\t\t\tclass=\"jet-smart-filters-pagination jet-filter\"\n\t\t\t\tdata-apply-provider=\"jet-engine\"\n\t\t\t\tdata-content-provider=\"jet-engine\"\n\t\t\t\tdata-query-id=\"realisations\"\n\t\t\t\tdata-controls=\"{&quot;items_enabled&quot;:true,&quot;pages_mid_size&quot;:0,&quot;pages_end_size&quot;:0,&quot;nav_enabled&quot;:false,&quot;load_more_enabled&quot;:false,&quot;provider_top_offset&quot;:0}\"\n\t\t\t\tdata-apply-type=\"ajax\"\n\t\t\t><\/div>\t\t\t\t<\/div>\n\t\t\t\t<\/div>\n\t\t\t\t\t<\/div>\n\t\t<\/div>\n\t\t\t\t\t<\/div>\n\t\t<\/section>\n\t\t\t\t<\/div>\n\t\t","protected":false},"excerpt":{"rendered":"<p>Projects Filtre r\u00e9alisations Tout Conception m\u00e9canique Simulation num\u00e9rique Charpente m\u00e9tallique Plasturgie Installation g\u00e9n\u00e9rale G\u00e9nie Civil<\/p>\n","protected":false},"author":2,"featured_media":0,"parent":0,"menu_order":0,"comment_status":"closed","ping_status":"closed","template":"","meta":{"footnotes":""},"class_list":["post-7538","page","type-page","status-publish","hentry"],"_links":{"self":[{"href":"https:\/\/www.pharea.com\/en\/wp-json\/wp\/v2\/pages\/7538","targetHints":{"allow":["GET"]}}],"collection":[{"href":"https:\/\/www.pharea.com\/en\/wp-json\/wp\/v2\/pages"}],"about":[{"href":"https:\/\/www.pharea.com\/en\/wp-json\/wp\/v2\/types\/page"}],"author":[{"embeddable":true,"href":"https:\/\/www.pharea.com\/en\/wp-json\/wp\/v2\/users\/2"}],"replies":[{"embeddable":true,"href":"https:\/\/www.pharea.com\/en\/wp-json\/wp\/v2\/comments?post=7538"}],"version-history":[{"count":1,"href":"https:\/\/www.pharea.com\/en\/wp-json\/wp\/v2\/pages\/7538\/revisions"}],"predecessor-version":[{"id":7539,"href":"https:\/\/www.pharea.com\/en\/wp-json\/wp\/v2\/pages\/7538\/revisions\/7539"}],"wp:attachment":[{"href":"https:\/\/www.pharea.com\/en\/wp-json\/wp\/v2\/media?parent=7538"}],"curies":[{"name":"wp","href":"https:\/\/api.w.org\/{rel}","templated":true}]}}